{"id":2944,"date":"2022-05-26T14:00:21","date_gmt":"2022-05-26T14:00:21","guid":{"rendered":"https:\/\/www.lab-institute.com\/ueber-uns\/"},"modified":"2022-09-12T19:28:04","modified_gmt":"2022-09-12T19:28:04","slug":"ueber-uns","status":"publish","type":"page","link":"https:\/\/www.lab-institute.com\/de\/ueber-uns\/","title":{"rendered":"\u00dcber uns"},"content":{"rendered":"\t\t<div data-elementor-type=\"wp-page\" data-elementor-id=\"2944\" class=\"elementor elementor-2944\" data-elementor-post-type=\"page\">\n\t\t\t\t\t\t<section class=\"elementor-section elementor-top-section elementor-element elementor-element-53f1bcf banner1 elementor-section-boxed elementor-section-height-default elementor-section-height-default\" data-id=\"53f1bcf\" data-element_type=\"section\" data-e-type=\"section\" data-settings=\"{&quot;background_background&quot;:&quot;classic&quot;}\">\n\t\t\t\t\t\t\t<div class=\"elementor-background-overlay\"><\/div>\n\t\t\t\t\t\t\t<div class=\"elementor-container elementor-column-gap-default\">\n\t\t\t\t\t<div class=\"elementor-column elementor-col-50 elementor-top-column elementor-element elementor-element-51c73ac\" data-id=\"51c73ac\" data-element_type=\"column\" data-e-type=\"column\">\n\t\t\t<div class=\"elementor-widget-wrap elementor-element-populated\">\n\t\t\t\t\t\t<div class=\"elementor-element elementor-element-d9dc1a6 elementor-widget elementor-widget-heading\" data-id=\"d9dc1a6\" data-element_type=\"widget\" data-e-type=\"widget\" data-widget_type=\"heading.default\">\n\t\t\t\t<div class=\"elementor-widget-container\">\n\t\t\t\t\t<h1 class=\"elementor-heading-title elementor-size-default\">\u00dcber uns<\/h1>\t\t\t\t<\/div>\n\t\t\t\t<\/div>\n\t\t\t\t<div class=\"elementor-element elementor-element-b7784d1 elementor-widget elementor-widget-text-editor\" data-id=\"b7784d1\" data-element_type=\"widget\" data-e-type=\"widget\" data-widget_type=\"text-editor.default\">\n\t\t\t\t<div class=\"elementor-widget-container\">\n\t\t\t\t\t\t\t\t\t<p>Wir sind ein Team datenliebhabender Therapeuten und Verhaltensanalytiker, die sich der klinischen Exzellenz und dem Ziel, Ergebnisse f\u00fcr Ihr Kind und Ihre Familie zu erzielen, verschrieben haben.<\/p>\t\t\t\t\t\t\t\t<\/div>\n\t\t\t\t<\/div>\n\t\t\t\t<div class=\"elementor-element elementor-element-92d8f05 elementor-widget elementor-widget-button\" data-id=\"92d8f05\" data-element_type=\"widget\" data-e-type=\"widget\" data-widget_type=\"button.default\">\n\t\t\t\t<div class=\"elementor-widget-container\">\n\t\t\t\t\t\t\t\t\t<div class=\"elementor-button-wrapper\">\n\t\t\t\t\t<a class=\"elementor-button elementor-button-link elementor-size-lg\" href=\"#\u00dcber\">\n\t\t\t\t\t\t<span class=\"elementor-button-content-wrapper\">\n\t\t\t\t\t\t\t\t\t<span class=\"elementor-button-text\">MEHR ERFAHREN<\/span>\n\t\t\t\t\t<\/span>\n\t\t\t\t\t<\/a>\n\t\t\t\t<\/div>\n\t\t\t\t\t\t\t\t<\/div>\n\t\t\t\t<\/div>\n\t\t\t\t\t<\/div>\n\t\t<\/div>\n\t\t\t\t<div class=\"elementor-column elementor-col-50 elementor-top-column elementor-element elementor-element-b3d00d9\" data-id=\"b3d00d9\" data-element_type=\"column\" data-e-type=\"column\">\n\t\t\t<div class=\"elementor-widget-wrap\">\n\t\t\t\t\t\t\t<\/div>\n\t\t<\/div>\n\t\t\t\t\t<\/div>\n\t\t<\/section>\n\t\t\t\t<section class=\"elementor-section elementor-top-section elementor-element elementor-element-54c32bb elementor-section-boxed elementor-section-height-default elementor-section-height-default\" data-id=\"54c32bb\" data-element_type=\"section\" data-e-type=\"section\" data-settings=\"{&quot;background_background&quot;:&quot;classic&quot;}\">\n\t\t\t\t\t\t<div class=\"elementor-container elementor-column-gap-default\">\n\t\t\t\t\t<div class=\"elementor-column elementor-col-100 elementor-top-column elementor-element elementor-element-a5e8a0c\" data-id=\"a5e8a0c\" data-element_type=\"column\" data-e-type=\"column\">\n\t\t\t<div class=\"elementor-widget-wrap elementor-element-populated\">\n\t\t\t\t\t\t<section class=\"elementor-section elementor-inner-section elementor-element elementor-element-58f85b5 elementor-section-content-middle elementor-section-boxed elementor-section-height-default elementor-section-height-default\" data-id=\"58f85b5\" data-element_type=\"section\" data-e-type=\"section\">\n\t\t\t\t\t\t<div class=\"elementor-container elementor-column-gap-default\">\n\t\t\t\t\t<div class=\"elementor-column elementor-col-100 elementor-inner-column elementor-element elementor-element-bcf48fd\" data-id=\"bcf48fd\" data-element_type=\"column\" data-e-type=\"column\">\n\t\t\t<div class=\"elementor-widget-wrap elementor-element-populated\">\n\t\t\t\t\t\t<div class=\"elementor-element elementor-element-259ec01 elementor-widget elementor-widget-heading\" data-id=\"259ec01\" data-element_type=\"widget\" data-e-type=\"widget\" data-widget_type=\"heading.default\">\n\t\t\t\t<div class=\"elementor-widget-container\">\n\t\t\t\t\t<h3 class=\"elementor-heading-title elementor-size-default\">Engagierte Mitarbeiter<\/h3>\t\t\t\t<\/div>\n\t\t\t\t<\/div>\n\t\t\t\t<div class=\"elementor-element elementor-element-99316c0 elementor-widget elementor-widget-text-editor\" data-id=\"99316c0\" data-element_type=\"widget\" data-e-type=\"widget\" data-widget_type=\"text-editor.default\">\n\t\t\t\t<div class=\"elementor-widget-container\">\n\t\t\t\t\t\t\t\t\t<p><strong>Unsere Teammitglieder arbeiten leidenschaftlich gern mit Kindern und haben sich f\u00fcr diesen Beruf entschieden, weil sie den Wunsch haben, etwas zur\u00fcckzugeben. Sie sind alle bestens ausgebildet und widmen sich voll und ganz der Entwicklung Ihres Kindes.<\/strong><\/p><p><strong>Wir stellen unsere Mitarbeiter ein und bilden sie aus, wobei wir sowohl auf interne als auch auf externe Weiterbildungen zur\u00fcckgreifen. Die aktuellen BACB-Richtlinien f\u00fcr Board Certified Behavior Analysts (BCBA) und Registered BehaviorTechnician (RBT) bilden die Grundlage unserer Ausbildungsmodule. Alle unsere Mitarbeiter werden laufend Supervision erhalten und m\u00fcssen jedes Jahr Fortbildungseinheiten absolvieren, um sicherzustellen, dass wir auf dem neuesten Stand der Forschung und der besten Methoden sind. Wir arbeiten in einer Gruppenumgebung und legen Wert auf Teamarbeit, Feedback und Kollaboration.<\/strong><\/p>\t\t\t\t\t\t\t\t<\/div>\n\t\t\t\t<\/div>\n\t\t\t\t\t<\/div>\n\t\t<\/div>\n\t\t\t\t\t<\/div>\n\t\t<\/section>\n\t\t\t\t\t<\/div>\n\t\t<\/div>\n\t\t\t\t\t<\/div>\n\t\t<\/section>\n\t\t\t\t<section class=\"elementor-section elementor-top-section elementor-element elementor-element-12f9f64a elementor-section-content-middle elementor-section-boxed elementor-section-height-default elementor-section-height-default\" data-id=\"12f9f64a\" data-element_type=\"section\" data-e-type=\"section\">\n\t\t\t\t\t\t<div class=\"elementor-container elementor-column-gap-default\">\n\t\t\t\t\t<div class=\"elementor-column elementor-col-50 elementor-top-column elementor-element elementor-element-1cf1c9ad\" data-id=\"1cf1c9ad\" data-element_type=\"column\" data-e-type=\"column\" id=\"about\">\n\t\t\t<div class=\"elementor-widget-wrap elementor-element-populated\">\n\t\t\t\t\t\t<div class=\"elementor-element elementor-element-26c5eb4 elementor-widget elementor-widget-heading\" data-id=\"26c5eb4\" data-element_type=\"widget\" data-e-type=\"widget\" data-widget_type=\"heading.default\">\n\t\t\t\t<div class=\"elementor-widget-container\">\n\t\t\t\t\t<h3 class=\"elementor-heading-title elementor-size-default\">Das LAB Institute wird von Nikki Condit, M.S. ABA, BCBA, geleitet.<\/h3>\t\t\t\t<\/div>\n\t\t\t\t<\/div>\n\t\t\t\t<div class=\"elementor-element elementor-element-babf0d2 elementor-widget elementor-widget-text-editor\" data-id=\"babf0d2\" data-element_type=\"widget\" data-e-type=\"widget\" data-widget_type=\"text-editor.default\">\n\t\t\t\t<div class=\"elementor-widget-container\">\n\t\t\t\t\t\t\t\t\t<p>Nikki Condit arbeitet seit fast 10 Jahren auf dem Gebiet der angewandten Verhaltensanalyse (Applied Behavior Analysis). Zun\u00e4chst arbeitete sie als Verhaltenstechnikerin beim Wisconsin Early Autism Project (WEAP), dem f\u00fchrenden Anbieter von ABA- und Autismustherapie im Bundesstaat Wisconsin. Nach ihrem Bachelor of Science an der University of Wisconsin-Madison mit einem Abschluss f\u00fcr das Lehramt f\u00fcr Sonderp\u00e4dagogik und einer Lizenz f\u00fcr das Lehramt (kategorie\u00fcbergreifende Sonderp\u00e4dagogik) begann sie sofort mit dem Studium f\u00fcr ihren Master. 2017 erhielt sie ihren Master of Science in Applied Behavior Analysis von der Chicago School of Professional Psychology und ist seit Februar 2018 Board Certified Behavior Analyst (BCBA). Sie ist au\u00dferdem eine anerkannte Supervisorin f\u00fcr angehende Verhaltensanalytiker (BCBAs), BCaBAs (Board Certified AssistantBehavior Analysts) und RBTs (Registered BehaviorTechnicians). Nikki ist auch Mitglied von ABA International.<\/p>\t\t\t\t\t\t\t\t<\/div>\n\t\t\t\t<\/div>\n\t\t\t\t\t<\/div>\n\t\t<\/div>\n\t\t\t\t<div class=\"elementor-column elementor-col-50 elementor-top-column elementor-element elementor-element-70fc7f8c\" data-id=\"70fc7f8c\" data-element_type=\"column\" data-e-type=\"column\" data-settings=\"{&quot;background_background&quot;:&quot;classic&quot;}\">\n\t\t\t<div class=\"elementor-widget-wrap elementor-element-populated\">\n\t\t\t\t\t\t<div class=\"elementor-element elementor-element-6acbaa34 elementor-widget__width-inherit elementor-widget elementor-widget-spacer\" data-id=\"6acbaa34\" data-element_type=\"widget\" data-e-type=\"widget\" data-widget_type=\"spacer.default\">\n\t\t\t\t<div class=\"elementor-widget-container\">\n\t\t\t\t\t\t\t<div class=\"elementor-spacer\">\n\t\t\t<div class=\"elementor-spacer-inner\"><\/div>\n\t\t<\/div>\n\t\t\t\t\t\t<\/div>\n\t\t\t\t<\/div>\n\t\t\t\t\t<\/div>\n\t\t<\/div>\n\t\t\t\t\t<\/div>\n\t\t<\/section>\n\t\t\t\t<section class=\"elementor-section elementor-top-section elementor-element elementor-element-2bf53fa elementor-section-boxed elementor-section-height-default elementor-section-height-default\" data-id=\"2bf53fa\" data-element_type=\"section\" data-e-type=\"section\">\n\t\t\t\t\t\t<div class=\"elementor-container elementor-column-gap-default\">\n\t\t\t\t\t<div class=\"elementor-column elementor-col-100 elementor-top-column elementor-element elementor-element-6923db57\" data-id=\"6923db57\" data-element_type=\"column\" data-e-type=\"column\">\n\t\t\t<div class=\"elementor-widget-wrap elementor-element-populated\">\n\t\t\t\t\t\t<div class=\"elementor-element elementor-element-c717e5b elementor-widget elementor-widget-text-editor\" data-id=\"c717e5b\" data-element_type=\"widget\" data-e-type=\"widget\" data-widget_type=\"text-editor.default\">\n\t\t\t\t<div class=\"elementor-widget-container\">\n\t\t\t\t\t\t\t\t\t<p>Nach ihrem Umzug nach Deutschland tat sie sich mit Rodrigo Pellet Lastra bei ABA Autismus Therapie D\u00fcsseldorf (ABA ATD) zusammen, wo sie half, die Klinik zu vergr\u00f6\u00dfern und ABA als effektive und angesehene Therapie in D\u00fcsseldorf und der umliegenden Region NRW zu etablieren. Zus\u00e4tzlich zu ihrer T\u00e4tigkeit als Mitbegr\u00fcnderin und COO von ABA ATD ist sie seit 2020 im Vorstand von ABA-Deutschland.<\/p><p>Danach gr\u00fcndete Nikki das LAB Institute, um die wachsende Nachfrage nach ABA-Therapie in S\u00fcddeutschland zu decken. LAB Institute bietet therapeutische Verhaltensunterst\u00fctzung in und um Bayern an.<\/p><p>Nikki spricht sowohl Englisch als auch Deutsch.<\/p><p>Neben ihrer Leidenschaft f\u00fcr die Arbeit mit Kindern legt Nikki gro\u00dfen Wert auf qualitativ hochwertige, evidenzbasierte Services, die zu sinnvollen und messbaren Ergebnissen f\u00fchren.<\/p><p>&#8222;Mein Ziel ist es, den Stimmen vieler Menschen Geh\u00f6r zu verschaffen &#8211; dem Kind, das gerade sprechen lernt, den Eltern, die ihr Kind unterst\u00fctzen wollen, den Lehrern, die sich f\u00fcr die Integration aller Sch\u00fcler einsetzen. Ich m\u00f6chte sicherstellen, dass jeden Tag ein Kind eine neue F\u00e4higkeit erlernt, jeden Tag eine Familie eine positive Erfahrung macht und jeden Tag ein Therapeut oder Lehrer mit dem Wissen nach Hause geht, dass er im Leben eines Kindes etwas ver\u00e4ndert hat.&#8220;<\/p>\t\t\t\t\t\t\t\t<\/div>\n\t\t\t\t<\/div>\n\t\t\t\t\t<\/div>\n\t\t<\/div>\n\t\t\t\t\t<\/div>\n\t\t<\/section>\n\t\t\t\t<section class=\"elementor-section elementor-top-section elementor-element elementor-element-9b4fe83 elementor-section-boxed elementor-section-height-default elementor-section-height-default\" data-id=\"9b4fe83\" data-element_type=\"section\" data-e-type=\"section\">\n\t\t\t\t\t\t<div class=\"elementor-container elementor-column-gap-default\">\n\t\t\t\t\t<div class=\"elementor-column elementor-col-33 elementor-top-column elementor-element elementor-element-41c3ce2\" data-id=\"41c3ce2\" data-element_type=\"column\" data-e-type=\"column\">\n\t\t\t<div class=\"elementor-widget-wrap elementor-element-populated\">\n\t\t\t\t\t\t<div class=\"elementor-element elementor-element-bbe18bd elementor-widget elementor-widget-image\" data-id=\"bbe18bd\" data-element_type=\"widget\" data-e-type=\"widget\" data-widget_type=\"image.default\">\n\t\t\t\t<div class=\"elementor-widget-container\">\n\t\t\t\t\t\t\t\t\t\t\t\t\t\t\t<img fetchpriority=\"high\" decoding=\"async\" width=\"800\" height=\"534\" src=\"https:\/\/www.lab-institute.com\/wp-content\/uploads\/2022\/06\/dreamstimelarge_210935839-1-1024x683.jpg\" class=\"attachment-large size-large wp-image-1812\" alt=\"\" srcset=\"https:\/\/www.lab-institute.com\/wp-content\/uploads\/2022\/06\/dreamstimelarge_210935839-1-1024x683.jpg 1024w, https:\/\/www.lab-institute.com\/wp-content\/uploads\/2022\/06\/dreamstimelarge_210935839-1-300x200.jpg 300w, https:\/\/www.lab-institute.com\/wp-content\/uploads\/2022\/06\/dreamstimelarge_210935839-1-768x512.jpg 768w, https:\/\/www.lab-institute.com\/wp-content\/uploads\/2022\/06\/dreamstimelarge_210935839-1-1536x1025.jpg 1536w, https:\/\/www.lab-institute.com\/wp-content\/uploads\/2022\/06\/dreamstimelarge_210935839-1-2048x1366.jpg 2048w\" sizes=\"(max-width: 800px) 100vw, 800px\" \/>\t\t\t\t\t\t\t\t\t\t\t\t\t\t\t<\/div>\n\t\t\t\t<\/div>\n\t\t\t\t\t<\/div>\n\t\t<\/div>\n\t\t\t\t<div class=\"elementor-column elementor-col-33 elementor-top-column elementor-element elementor-element-d103221\" data-id=\"d103221\" data-element_type=\"column\" data-e-type=\"column\">\n\t\t\t<div class=\"elementor-widget-wrap elementor-element-populated\">\n\t\t\t\t\t\t<div class=\"elementor-element elementor-element-46aa372 elementor-widget elementor-widget-image\" data-id=\"46aa372\" data-element_type=\"widget\" data-e-type=\"widget\" data-widget_type=\"image.default\">\n\t\t\t\t<div class=\"elementor-widget-container\">\n\t\t\t\t\t\t\t\t\t\t\t\t\t\t\t<img decoding=\"async\" width=\"800\" height=\"534\" src=\"https:\/\/www.lab-institute.com\/wp-content\/uploads\/2022\/06\/dreamstimelarge_210935877-1-1024x683.jpg\" class=\"attachment-large size-large wp-image-1811\" alt=\"\" srcset=\"https:\/\/www.lab-institute.com\/wp-content\/uploads\/2022\/06\/dreamstimelarge_210935877-1-1024x683.jpg 1024w, https:\/\/www.lab-institute.com\/wp-content\/uploads\/2022\/06\/dreamstimelarge_210935877-1-300x200.jpg 300w, https:\/\/www.lab-institute.com\/wp-content\/uploads\/2022\/06\/dreamstimelarge_210935877-1-768x512.jpg 768w, https:\/\/www.lab-institute.com\/wp-content\/uploads\/2022\/06\/dreamstimelarge_210935877-1-1536x1025.jpg 1536w, https:\/\/www.lab-institute.com\/wp-content\/uploads\/2022\/06\/dreamstimelarge_210935877-1-2048x1366.jpg 2048w\" sizes=\"(max-width: 800px) 100vw, 800px\" \/>\t\t\t\t\t\t\t\t\t\t\t\t\t\t\t<\/div>\n\t\t\t\t<\/div>\n\t\t\t\t\t<\/div>\n\t\t<\/div>\n\t\t\t\t<div class=\"elementor-column elementor-col-33 elementor-top-column elementor-element elementor-element-d73bbe8\" data-id=\"d73bbe8\" data-element_type=\"column\" data-e-type=\"column\">\n\t\t\t<div class=\"elementor-widget-wrap elementor-element-populated\">\n\t\t\t\t\t\t<div class=\"elementor-element elementor-element-de5b7b8 elementor-widget elementor-widget-image\" data-id=\"de5b7b8\" data-element_type=\"widget\" data-e-type=\"widget\" data-widget_type=\"image.default\">\n\t\t\t\t<div class=\"elementor-widget-container\">\n\t\t\t\t\t\t\t\t\t\t\t\t\t\t\t<img decoding=\"async\" width=\"800\" height=\"534\" src=\"https:\/\/www.lab-institute.com\/wp-content\/uploads\/2022\/06\/dreamstimelarge_210935805-1-1024x683.jpg\" class=\"attachment-large size-large wp-image-1813\" alt=\"\" srcset=\"https:\/\/www.lab-institute.com\/wp-content\/uploads\/2022\/06\/dreamstimelarge_210935805-1-1024x683.jpg 1024w, https:\/\/www.lab-institute.com\/wp-content\/uploads\/2022\/06\/dreamstimelarge_210935805-1-300x200.jpg 300w, https:\/\/www.lab-institute.com\/wp-content\/uploads\/2022\/06\/dreamstimelarge_210935805-1-768x512.jpg 768w, https:\/\/www.lab-institute.com\/wp-content\/uploads\/2022\/06\/dreamstimelarge_210935805-1-1536x1025.jpg 1536w, https:\/\/www.lab-institute.com\/wp-content\/uploads\/2022\/06\/dreamstimelarge_210935805-1-2048x1366.jpg 2048w\" sizes=\"(max-width: 800px) 100vw, 800px\" \/>\t\t\t\t\t\t\t\t\t\t\t\t\t\t\t<\/div>\n\t\t\t\t<\/div>\n\t\t\t\t\t<\/div>\n\t\t<\/div>\n\t\t\t\t\t<\/div>\n\t\t<\/section>\n\t\t\t\t<section class=\"elementor-section elementor-top-section elementor-element elementor-element-8dcb4b9 elementor-section-full_width elementor-section-height-default elementor-section-height-default\" data-id=\"8dcb4b9\" data-element_type=\"section\" data-e-type=\"section\" data-settings=\"{&quot;background_background&quot;:&quot;gradient&quot;}\">\n\t\t\t\t\t\t<div class=\"elementor-container elementor-column-gap-default\">\n\t\t\t\t\t<div class=\"elementor-column elementor-col-100 elementor-top-column elementor-element elementor-element-aef9abe\" data-id=\"aef9abe\" data-element_type=\"column\" data-e-type=\"column\">\n\t\t\t<div class=\"elementor-widget-wrap elementor-element-populated\">\n\t\t\t\t\t\t<section class=\"elementor-section elementor-inner-section elementor-element elementor-element-53bb6ee elementor-section-content-middle elementor-section-boxed elementor-section-height-default elementor-section-height-default\" data-id=\"53bb6ee\" data-element_type=\"section\" data-e-type=\"section\">\n\t\t\t\t\t\t<div class=\"elementor-container elementor-column-gap-default\">\n\t\t\t\t\t<div class=\"elementor-column elementor-col-50 elementor-inner-column elementor-element elementor-element-824e3ef\" data-id=\"824e3ef\" data-element_type=\"column\" data-e-type=\"column\">\n\t\t\t<div class=\"elementor-widget-wrap elementor-element-populated\">\n\t\t\t\t\t\t<div class=\"elementor-element elementor-element-cc95d43 abouttxt elementor-widget elementor-widget-text-editor\" data-id=\"cc95d43\" data-element_type=\"widget\" data-e-type=\"widget\" data-widget_type=\"text-editor.default\">\n\t\t\t\t<div class=\"elementor-widget-container\">\n\t\t\t\t\t\t\t\t\t<h1 class=\"elementor-heading-title elementor-size-default elementor-inline-editing\" data-elementor-setting-key=\"title\"><strong>Wir betrachten Sie als Eltern und Betreuer als die ersten und wichtigsten Lehrer Ihres Kindes. Wir arbeiten mit Ihnen zusammen, um ein Umfeld zu schaffen, in dem Sie und Ihr Kind sich wohlf\u00fchlen k\u00f6nnen.\n<\/strong><\/h1>\t\t\t\t\t\t\t\t<\/div>\n\t\t\t\t<\/div>\n\t\t\t\t\t<\/div>\n\t\t<\/div>\n\t\t\t\t<div class=\"elementor-column elementor-col-50 elementor-inner-column elementor-element elementor-element-5ca3382 contactform\" data-id=\"5ca3382\" data-element_type=\"column\" data-e-type=\"column\">\n\t\t\t<div class=\"elementor-widget-wrap elementor-element-populated\">\n\t\t\t\t\t\t<div class=\"elementor-element elementor-element-f2951ec elementor-widget elementor-widget-image\" data-id=\"f2951ec\" data-element_type=\"widget\" data-e-type=\"widget\" data-widget_type=\"image.default\">\n\t\t\t\t<div class=\"elementor-widget-container\">\n\t\t\t\t\t\t\t\t\t\t\t\t\t\t\t<img loading=\"lazy\" decoding=\"async\" width=\"106\" height=\"185\" src=\"https:\/\/www.lab-institute.com\/wp-content\/uploads\/2022\/04\/contactlogo.png\" class=\"attachment-large size-large wp-image-492\" alt=\"\" \/>\t\t\t\t\t\t\t\t\t\t\t\t\t\t\t<\/div>\n\t\t\t\t<\/div>\n\t\t\t\t<div class=\"elementor-element elementor-element-d0e36cf elementor-widget elementor-widget-shortcode\" data-id=\"d0e36cf\" data-element_type=\"widget\" data-e-type=\"widget\" data-widget_type=\"shortcode.default\">\n\t\t\t\t<div class=\"elementor-widget-container\">\n\t\t\t\t\t\t\t<div class=\"elementor-shortcode\">\n<div class=\"wpcf7 no-js\" id=\"wpcf7-f484-o1\" lang=\"en-US\" dir=\"ltr\" data-wpcf7-id=\"484\">\n<div class=\"screen-reader-response\"><p role=\"status\" aria-live=\"polite\" aria-atomic=\"true\"><\/p> <ul><\/ul><\/div>\n<form action=\"\/de\/wp-json\/wp\/v2\/pages\/2944#wpcf7-f484-o1\" method=\"post\" class=\"wpcf7-form init\" aria-label=\"Contact form\" novalidate=\"novalidate\" data-status=\"init\">\n<fieldset class=\"hidden-fields-container\"><input type=\"hidden\" name=\"_wpcf7\" value=\"484\" \/><input type=\"hidden\" name=\"_wpcf7_version\" value=\"6.1.5\" \/><input type=\"hidden\" name=\"_wpcf7_locale\" value=\"en_US\" \/><input type=\"hidden\" name=\"_wpcf7_unit_tag\" value=\"wpcf7-f484-o1\" \/><input type=\"hidden\" name=\"_wpcf7_container_post\" value=\"0\" \/><input type=\"hidden\" name=\"_wpcf7_posted_data_hash\" value=\"\" \/>\n<\/fieldset>\n<div class=\"contactfrm\">\n\t<p><span class=\"wpcf7-form-control-wrap\" data-name=\"your-name\"><input size=\"40\" maxlength=\"400\" class=\"wpcf7-form-control wpcf7-text wpcf7-validates-as-required\" aria-required=\"true\" aria-invalid=\"false\" placeholder=\"Name\" value=\"\" type=\"text\" name=\"your-name\" \/><\/span><br \/>\n<span class=\"wpcf7-form-control-wrap\" data-name=\"your-email\"><input size=\"40\" maxlength=\"400\" class=\"wpcf7-form-control wpcf7-email wpcf7-validates-as-required wpcf7-text wpcf7-validates-as-email\" aria-required=\"true\" aria-invalid=\"false\" placeholder=\"Email\" value=\"\" type=\"email\" name=\"your-email\" \/><\/span><br \/>\n<span class=\"wpcf7-form-control-wrap\" data-name=\"your-phn\"><input size=\"40\" maxlength=\"20\" class=\"wpcf7-form-control wpcf7-tel wpcf7-validates-as-required wpcf7-text wpcf7-validates-as-tel\" aria-required=\"true\" aria-invalid=\"false\" placeholder=\"Phone\" value=\"\" type=\"tel\" name=\"your-phn\" \/><\/span><br \/>\n<span class=\"wpcf7-form-control-wrap\" data-name=\"your-message\"><textarea cols=\"40\" rows=\"10\" maxlength=\"2000\" class=\"wpcf7-form-control wpcf7-textarea wpcf7-validates-as-required\" aria-required=\"true\" aria-invalid=\"false\" placeholder=\"Message\" name=\"your-message\"><\/textarea><\/span><br \/>\n<input class=\"wpcf7-form-control wpcf7-submit has-spinner\" type=\"submit\" value=\"Submit\" \/>\n\t<\/p>\n<\/div><input type=\"hidden\" id=\"ct_checkjs_cf7_5ef0b4eba35ab2d6180b0bca7e46b6f9\" name=\"ct_checkjs_cf7\" value=\"0\" \/><script >setTimeout(function(){var ct_input_name = \"ct_checkjs_cf7_5ef0b4eba35ab2d6180b0bca7e46b6f9\";if (document.getElementById(ct_input_name) !== null) {var ct_input_value = document.getElementById(ct_input_name).value;document.getElementById(ct_input_name).value = document.getElementById(ct_input_name).value.replace(ct_input_value, '1865369486');}}, 1000);<\/script><input\n                    class=\"apbct_special_field apbct_email_id__wp_contact_form_7\"\n                    name=\"apbct__email_id__wp_contact_form_7\"\n                    aria-label=\"apbct__label_id__wp_contact_form_7\"\n                    type=\"text\" size=\"30\" maxlength=\"200\" autocomplete=\"off\"\n                    value=\"\"\n                \/><div class=\"wpcf7-response-output\" aria-hidden=\"true\"><\/div>\n<input\n                    class=\"apbct_special_field apbct_email_id__elementor_form\"\n                    name=\"apbct__email_id__elementor_form\"\n                    aria-label=\"apbct__label_id__elementor_form\"\n                    type=\"text\" size=\"30\" maxlength=\"200\" autocomplete=\"off\"\n                    value=\"\"\n                \/><\/form>\n<\/div>\n<\/div>\n\t\t\t\t\t\t<\/div>\n\t\t\t\t<\/div>\n\t\t\t\t\t<\/div>\n\t\t<\/div>\n\t\t\t\t\t<\/div>\n\t\t<\/section>\n\t\t\t\t\t<\/div>\n\t\t<\/div>\n\t\t\t\t\t<\/div>\n\t\t<\/section>\n\t\t\t\t<\/div>\n\t\t","protected":false},"excerpt":{"rendered":"<p>\u00dcber uns Wir sind ein Team datenliebhabender Therapeuten und Verhaltensanalytiker, die sich der klinischen Exzellenz und dem Ziel, Ergebnisse f\u00fcr Ihr Kind und Ihre Familie zu erzielen, verschrieben haben. MEHR ERFAHREN Engagierte Mitarbeiter Unsere Teammitglieder arbeiten leidenschaftlich gern mit Kindern und haben sich f\u00fcr diesen Beruf entschieden, weil sie den Wunsch haben, etwas zur\u00fcckzugeben. Sie [&hellip;]<\/p>\n","protected":false},"author":1,"featured_media":0,"parent":0,"menu_order":0,"comment_status":"closed","ping_status":"closed","template":"","meta":{"footnotes":""},"class_list":["post-2944","page","type-page","status-publish","hentry"],"_links":{"self":[{"href":"https:\/\/www.lab-institute.com\/de\/wp-json\/wp\/v2\/pages\/2944","targetHints":{"allow":["GET"]}}],"collection":[{"href":"https:\/\/www.lab-institute.com\/de\/wp-json\/wp\/v2\/pages"}],"about":[{"href":"https:\/\/www.lab-institute.com\/de\/wp-json\/wp\/v2\/types\/page"}],"author":[{"embeddable":true,"href":"https:\/\/www.lab-institute.com\/de\/wp-json\/wp\/v2\/users\/1"}],"replies":[{"embeddable":true,"href":"https:\/\/www.lab-institute.com\/de\/wp-json\/wp\/v2\/comments?post=2944"}],"version-history":[{"count":19,"href":"https:\/\/www.lab-institute.com\/de\/wp-json\/wp\/v2\/pages\/2944\/revisions"}],"predecessor-version":[{"id":3670,"href":"https:\/\/www.lab-institute.com\/de\/wp-json\/wp\/v2\/pages\/2944\/revisions\/3670"}],"wp:attachment":[{"href":"https:\/\/www.lab-institute.com\/de\/wp-json\/wp\/v2\/media?parent=2944"}],"curies":[{"name":"wp","href":"https:\/\/api.w.org\/{rel}","templated":true}]}}